{"id":697,"date":"2024-07-11T13:03:47","date_gmt":"2024-07-11T13:03:47","guid":{"rendered":"https:\/\/swopandstay.world\/terms-and-conditions\/"},"modified":"2024-11-09T10:52:25","modified_gmt":"2024-11-09T10:52:25","slug":"terms-and-conditions","status":"publish","type":"page","link":"https:\/\/swopandstay.world\/fr\/terms-and-conditions\/","title":{"rendered":"Conditions g\u00e9n\u00e9rales d&rsquo;utilisation"},"content":{"rendered":"<p>[et_pb_section fb_built=\u00a0\u00bb1&Prime; admin_label=\u00a0\u00bbsection\u00a0\u00bb _builder_version=\u00a0\u00bb4.16&Prime; da_disable_devices=\u00a0\u00bboff|off|off\u00a0\u00bb global_colors_info=\u00a0\u00bb{}\u00a0\u00bb da_is_popup=\u00a0\u00bboff\u00a0\u00bb da_exit_intent=\u00a0\u00bboff\u00a0\u00bb da_has_close=\u00a0\u00bbon\u00a0\u00bb da_alt_close=\u00a0\u00bboff\u00a0\u00bb da_dark_close=\u00a0\u00bboff\u00a0\u00bb da_not_modal=\u00a0\u00bbon\u00a0\u00bb da_is_singular=\u00a0\u00bboff\u00a0\u00bb da_with_loader=\u00a0\u00bboff\u00a0\u00bb da_has_shadow=\u00a0\u00bbon\u00a0\u00bb][et_pb_row admin_label=\u00a0\u00bbrow\u00a0\u00bb _builder_version=\u00a0\u00bb4.16&Prime; background_size=\u00a0\u00bbinitial\u00a0\u00bb background_position=\u00a0\u00bbtop_left\u00a0\u00bb background_repeat=\u00a0\u00bbrepeat\u00a0\u00bb global_colors_info=\u00a0\u00bb{}\u00a0\u00bb][et_pb_column type=\u00a0\u00bb4_4&Prime; _builder_version=\u00a0\u00bb4.16&Prime; custom_padding=\u00a0\u00bb|||\u00a0\u00bb global_colors_info=\u00a0\u00bb{}\u00a0\u00bb custom_padding__hover=\u00a0\u00bb|||\u00a0\u00bb][et_pb_text admin_label=\u00a0\u00bbText\u00a0\u00bb _builder_version=\u00a0\u00bb4.26.0&Prime; text_font=\u00a0\u00bbProza Libre||||||||\u00a0\u00bb header_font=\u00a0\u00bbCormorant Garamond||||||||\u00a0\u00bb background_size=\u00a0\u00bbinitial\u00a0\u00bb background_position=\u00a0\u00bbtop_left\u00a0\u00bb background_repeat=\u00a0\u00bbrepeat\u00a0\u00bb global_colors_info=\u00a0\u00bb{}\u00a0\u00bb]<\/p>\n<p>&nbsp;<\/p>\n<h1 class=\"text-secondary\">CONDITIONS G\u00c9N\u00c9RALES<\/h1>\n<p class=\"lead\">Veuillez noter les points suivants :<\/p>\n<h4><span class=\"ez-toc-section\" id=\"1_UTILISATION_DU_SITE_WEB\"><\/span>1. UTILISATION DU SITE WEB<span class=\"ez-toc-section-end\"><\/span><\/h4>\n<p>L&rsquo;utilisation de ce site web implique l&rsquo;acceptation des termes et conditions ci-dessous ainsi que de tout accord li\u00e9 par ceux-ci.<\/p>\n<h4><span class=\"ez-toc-section\" id=\"2_EXIGENCES_MINIMALES_%E2%80%93_LES_MEMBRES_POTENTIELS_DOIVENT\"><\/span>2. EXIGENCES MINIMALES &#8211; LES MEMBRES POTENTIELS DOIVENT<span class=\"ez-toc-section-end\"><\/span><\/h4>\n<ol>\n<li>\u00eatre propri\u00e9taire d&rsquo;une entreprise d&rsquo;h\u00e9bergement enti\u00e8rement op\u00e9rationnelle ;<\/li>\n<li>\u00eatre r\u00e9pertori\u00e9 sur une ou plusieurs plateformes de r\u00e9servation d&rsquo;h\u00e9bergement (par exemple TripAdvisor, Booking.com, AirBnB, etc.)<\/li>\n<li>Avoir de pr\u00e9f\u00e9rence un site web (un site web professionnel d&rsquo;une page peut \u00eatre d\u00e9velopp\u00e9 \u00e0 un co\u00fbt nominal n\u00e9goci\u00e9 avec l&rsquo;administrateur de SWOP AND STAY) et<\/li>\n<li>S&rsquo;acquitter de la cotisation requise, qui s&rsquo;applique pour une ann\u00e9e civile.<\/li>\n<\/ol>\n<h4><span class=\"ez-toc-section\" id=\"3_POLITIQUE_DE_CONTROLE_DE_LA_QUALITE\"><\/span>3. POLITIQUE DE CONTR\u00d4LE DE LA QUALIT\u00c9<span class=\"ez-toc-section-end\"><\/span><\/h4>\n<ol>\n<li>SWOP AND STAY n&rsquo;est pas impliqu\u00e9 dans le classement de la qualit\u00e9 et si les membres remplissent les conditions minimales pour adh\u00e9rer, il incombe au client de s&rsquo;assurer que l&rsquo;\u00e9tablissement est conforme \u00e0 ses propres normes. Les plaintes concernant le classement par \u00e9toiles doivent \u00eatre adress\u00e9es au Tourism Grading Council. <\/li>\n<li>Si vous \u00eates propri\u00e9taire d&rsquo;un \u00e9tablissement offrant des services et des exp\u00e9riences exclusifs de haut niveau, vous pouvez demander \u00e0 \u00eatre identifi\u00e9 comme membre PREMIER. Les \u00e9tablissements class\u00e9s 5 \u00e9toiles par le Conseil de classification touristique (Tourism Grading Council) sont automatiquement \u00e9ligibles au statut de membre PREMIER. Veuillez noter qu&rsquo;un classement 5* n&rsquo;est pas obligatoire pour \u00eatre \u00e9ligible. Les membres Premier paieront une cotisation suppl\u00e9mentaire, mais recevront \u00e9galement deux fois plus de jetons par personne et par nuit.   <\/li>\n<li>Les membres ont le droit de demander un h\u00e9bergement gratuit dans l&rsquo;un des \u00e9tablissements enregistr\u00e9s en \u00e9change de jetons d&rsquo;\u00e9change, applicables au statut de membre, par personne et par nuit. L&rsquo;approbation de cette demande est laiss\u00e9e \u00e0 la seule discr\u00e9tion de l&rsquo;\u00e9tablissement d&rsquo;accueil. <\/li>\n<li>Les propri\u00e9taires enregistr\u00e9s s&rsquo;engagent \u00e0 mettre leurs \u00e9tablissements \u00e0 la disposition des membres de bonne foi disposant de jetons d&rsquo;\u00e9change disponibles, \u00e0 un moment qui convient \u00e0 l&rsquo;h\u00f4te.<\/li>\n<li>Bien qu&rsquo;un h\u00f4te ne soit pas oblig\u00e9 d&rsquo;accepter une demande de r\u00e9servation, une fois qu&rsquo;un \u00e9change est accept\u00e9 et confirm\u00e9, il constitue un contrat juridiquement contraignant que l&rsquo;h\u00f4te doit honorer et qui ne peut \u00eatre annul\u00e9 sans l&rsquo;accord des deux parties.<\/li>\n<li>Si un h\u00f4te ne respecte pas la clause susmentionn\u00e9e, il doit payer et organiser un autre logement appropri\u00e9 pour ce membre.<\/li>\n<li><b>Si un invit\u00e9 confirme une r\u00e9servation et ne se pr\u00e9sente pas, les jetons d&rsquo;\u00e9change applicables seront perdus et l&rsquo;h\u00f4te aura le droit de facturer l&rsquo;invit\u00e9, car la chambre aurait pu \u00eatre vendue \u00e0 des invit\u00e9s payants.<\/b>\n<ul>\n<li>Une fois la demande de r\u00e9servation approuv\u00e9e par l&rsquo;\u00e9tablissement h\u00f4te, l&rsquo;annulation doit \u00eatre convenue avec l&rsquo;h\u00f4te personnellement et l&rsquo;h\u00f4te doit donner son accord ;<\/li>\n<li>Si une demande de r\u00e9servation n&rsquo;a pas encore \u00e9t\u00e9 approuv\u00e9e, l&rsquo;\u00e9tablissement h\u00f4te se r\u00e9serve le droit d&rsquo;annuler la demande de r\u00e9servation en ligne ;<\/li>\n<li>Par souci d&rsquo;\u00e9quit\u00e9 entre l&rsquo;h\u00f4te et l&rsquo;invit\u00e9, toute annulation dans les 5 jours pr\u00e9c\u00e9dant la date d&rsquo;arriv\u00e9e entra\u00eenera la perte des jetons de l&rsquo;invit\u00e9. L&rsquo;h\u00f4te a le droit de refuser une annulation via le syst\u00e8me de r\u00e9servation. <\/li>\n<li>Les personnes qui ne se pr\u00e9sentent pas perdent leurs jetons et risquent de devoir payer des frais de chambre \u00e0 l&rsquo;h\u00f4te, car la chambre aurait pu \u00eatre vendue \u00e0 un invit\u00e9 payant ;<\/li>\n<\/ul>\n<\/li>\n<li>Seul le membre inscrit, ou son repr\u00e9sentant d\u00e9sign\u00e9 (pr\u00e9ciser clairement son nom), peut effectuer une demande de r\u00e9servation.<\/li>\n<li>L&rsquo;h\u00f4te peut tenir ses invit\u00e9s pour responsables de tout dommage ou mauvaise conduite. Les invit\u00e9s, qu&rsquo;ils soient parrain\u00e9s ou membres inscrits, acceptent l&rsquo;enti\u00e8re responsabilit\u00e9 dans un tel cas. <\/li>\n<li>SWOP AND STAY est exon\u00e9r\u00e9 de toute responsabilit\u00e9 en ce qui concerne les dommages subis par un h\u00f4te ou un invit\u00e9 lors d&rsquo;un s\u00e9jour d&rsquo;\u00e9change.<\/li>\n<\/ol>\n<h4><span class=\"ez-toc-section\" id=\"4_GAGNER_ET_UTILISER_DES_JETONS_DECHANGE\"><\/span>4. GAGNER ET UTILISER DES JETONS D&rsquo;\u00c9CHANGE<span class=\"ez-toc-section-end\"><\/span><\/h4>\n<ol>\n<li>SWOP AND STAY accorde une licence limit\u00e9e et r\u00e9vocable \u00e0 tous les membres enregistr\u00e9s pour l&rsquo;utilisation de ce site web conform\u00e9ment aux termes et conditions.<\/li>\n<li>Les jetons Swop peuvent \u00eatre utilis\u00e9s pour effectuer une r\u00e9servation pour la famille, les amis ou un membre du personnel. SEUL le membre ou son repr\u00e9sentant d\u00e9sign\u00e9, sous r\u00e9serve de la clause 4.7 ci-dessous, peut effectuer une r\u00e9servation dans la mesure o\u00f9 cette r\u00e9servation est faite \u00e0 titre de cadeau et qu&rsquo;aucune somme d&rsquo;argent n&rsquo;est re\u00e7ue \u00e0 ce titre. Il n&rsquo;est en AUCUN cas permis d&rsquo;accepter une r\u00e9servation pay\u00e9e et d&rsquo;utiliser des jetons swop pour r\u00e9server des invit\u00e9s dans un autre \u00e9tablissement.  <\/li>\n<li>Un jeton par personne et par nuit (sauf si une personne occupe une chambre, 2 jetons par nuit seront d\u00e9duits).<\/li>\n<li>Des jetons de swop gratuits seront attribu\u00e9s \u00e0 votre compte lors de votre inscription (et de votre paiement) en tant que membre de SWOP AND STAY.<\/li>\n<li>Huit jetons d&rsquo;\u00e9change GRATUITS suppl\u00e9mentaires seront ajout\u00e9s au compte du parrain lors du recrutement d&rsquo;un autre membre.<\/li>\n<li>Un maximum de 20 jetons suppl\u00e9mentaires peut \u00eatre achet\u00e9 chaque ann\u00e9e.<\/li>\n<li>Les jetons Swop ne peuvent \u00eatre transf\u00e9r\u00e9s ou \u00e9chang\u00e9s contre de l&rsquo;argent. Les membres ne sont pas autoris\u00e9s \u00e0 recevoir de l&rsquo;argent de qui que ce soit et \u00e0 utiliser les jetons pour les r\u00e9server aupr\u00e8s d&rsquo;un autre membre. Vous ne pouvez effectuer une r\u00e9servation pour un ami, un membre de votre famille ou un membre du personnel qu&rsquo;\u00e0 titre de cadeau ou de r\u00e9compense. Si nous en prenons connaissance, votre adh\u00e9sion sera r\u00e9sili\u00e9e avec effet imm\u00e9diat et vous perdrez tous vos jetons.   <\/li>\n<li>\u00c0 la fin de l&rsquo;ann\u00e9e d&rsquo;adh\u00e9sion, les jetons d&rsquo;\u00e9change sur votre compte seront conserv\u00e9s et report\u00e9s \u00e0 l&rsquo;ann\u00e9e civile suivante.<\/li>\n<\/ol>\n<h4><span class=\"ez-toc-section\" id=\"5_LES_SUPPLEMENTS_QUI_PEUVENT_ETRE_FACTURES\"><\/span>5. LES SUPPL\u00c9MENTS QUI PEUVENT \u00caTRE FACTUR\u00c9S :<span class=\"ez-toc-section-end\"><\/span><\/h4>\n<ol>\n<li>Le petit-d\u00e9jeuner, les autres repas, les safaris et les soins de spa ne sont pas inclus et peuvent \u00eatre factur\u00e9s.<\/li>\n<li>Les maisons de vacances qui n&rsquo;ont pas de personnel \u00e0 temps plein sur place peuvent facturer des frais de nettoyage. Cela doit \u00eatre pr\u00e9cis\u00e9 sur la liste de l&rsquo;\u00e9tablissement. <\/li>\n<\/ol>\n<h4><span class=\"ez-toc-section\" id=\"6_ANNULATION_OU_RESILIATION_DE_LADHESION\"><\/span>6. ANNULATION OU R\u00c9SILIATION DE L&rsquo;ADH\u00c9SION<span class=\"ez-toc-section-end\"><\/span><\/h4>\n<ol>\n<li>Aucun remboursement ne sera effectu\u00e9 en cas de r\u00e9siliation de l&rsquo;adh\u00e9sion.<\/li>\n<li>En cas de vente de l&rsquo;\u00e9tablissement, de changement de propri\u00e9taire ou de fermeture de l&rsquo;\u00e9tablissement, les administrateurs doivent \u00eatre inform\u00e9s. Le membre peut alors conserver ses jetons swop non utilis\u00e9s pour le reste de sa p\u00e9riode d&rsquo;adh\u00e9sion en cours, \u00e0 condition qu&rsquo;il soit \u00e0 jour de ses cotisations. <\/li>\n<li>Les administrateurs se r\u00e9servent le droit de mettre fin \u00e0 toute adh\u00e9sion en cas d&rsquo;abus ou de non-respect des conditions g\u00e9n\u00e9rales \u00e9nonc\u00e9es dans le pr\u00e9sent document, sans aucun remboursement.<\/li>\n<li>Les administrateurs se r\u00e9servent le droit, \u00e0 leur enti\u00e8re discr\u00e9tion, de retirer la liste du site web en cas de plaintes multiples concernant la qualit\u00e9 des services et des installations offerts. Ces membres seront autoris\u00e9s \u00e0 conserver leurs jetons swop non utilis\u00e9s jusqu&rsquo;\u00e0 la fin de l&rsquo;ann\u00e9e civile pour laquelle leur adh\u00e9sion a \u00e9t\u00e9 pay\u00e9e. <\/li>\n<li>Si un membre ne renouvelle pas son adh\u00e9sion en payant la cotisation annuelle dans les 30 jours suivant la date de facturation, il perdra tous les jetons d&rsquo;\u00e9change restants et les frais d&rsquo;inscription ou d&rsquo;abonnement ne seront pas rembours\u00e9s.<\/li>\n<li>Les administrateurs se r\u00e9servent le droit de mettre fin \u00e0 l&rsquo;adh\u00e9sion d&rsquo;un membre pour cause d&rsquo;abus de confiance, avec effet imm\u00e9diat. Par abus de confiance, on entend ici une violation des droits de propri\u00e9t\u00e9 immat\u00e9rielle, tels que stipul\u00e9s au point 7 ci-dessous, ou toute d\u00e9t\u00e9rioration irr\u00e9parable de la relation de confiance existant entre les administrateurs et les membres, en raison d&rsquo;un comportement contraire \u00e0 l&rsquo;\u00e9thique de l&rsquo;une ou l&rsquo;autre partie, c&rsquo;est-\u00e0-dire la copie non autoris\u00e9e des id\u00e9es et du contenu du site web sans autorisation pr\u00e9alable. <\/li>\n<\/ol>\n<h4><span class=\"ez-toc-section\" id=\"7_LA_PROPRIETE_INTELLECTUELLE\"><\/span>7. LA PROPRI\u00c9T\u00c9 INTELLECTUELLE<span class=\"ez-toc-section-end\"><\/span><\/h4>\n<ol>\n<li>Le site web SWOP AND STAY et tout son contenu original sont la propri\u00e9t\u00e9 exclusive de SWOP AND STAY et ne peuvent \u00eatre dupliqu\u00e9s ou utilis\u00e9s de quelque mani\u00e8re que ce soit sans l&rsquo;accord \u00e9crit pr\u00e9alable des administrateurs.<\/li>\n<\/ol>\n<h4><span class=\"ez-toc-section\" id=\"8_VIE_PRIVEE\"><\/span>8) VIE PRIV\u00c9E<span class=\"ez-toc-section-end\"><\/span><\/h4>\n<ol>\n<li>Toutes les informations priv\u00e9es confi\u00e9es \u00e0 SWOP AND STAY (telles que les adresses e-mail ou d&rsquo;autres informations personnellement identifiables) ne seront pas partag\u00e9es avec des tiers et ne seront jamais visibles publiquement, sauf accord expr\u00e8s.<\/li>\n<\/ol>\n<p><b>IMPORTANT <\/b><span>: <\/span>Lors de l&rsquo;inscription, les candidats membres reconnaissent avoir lu et compris toutes les clauses ci-dessus et s&rsquo;engagent \u00e0 accepter et \u00e0 respecter les conditions g\u00e9n\u00e9rales \u00e9nonc\u00e9es dans le pr\u00e9sent document.<\/p>\n<p>&nbsp;<\/p>\n<p>[\/et_pb_text][\/et_pb_column][\/et_pb_row][\/et_pb_section]<\/p>\n<div id=\"ez-toc-container\" class=\"ez-toc-v2_0_82_2 counter-hierarchy ez-toc-counter ez-toc-grey ez-toc-container-direction\">\n<div class=\"ez-toc-title-container\">\n<p class=\"ez-toc-title ez-toc-toggle\" style=\"cursor:pointer\">Table of Contents<\/p>\n<span class=\"ez-toc-title-toggle\"><a href=\"#\" class=\"ez-toc-pull-right ez-toc-btn ez-toc-btn-xs ez-toc-btn-default ez-toc-toggle\" aria-label=\"Toggle Table of Content\"><span class=\"ez-toc-js-icon-con\"><span class=\"\"><span class=\"eztoc-hide\" style=\"display:none;\">Toggle<\/span><span class=\"ez-toc-icon-toggle-span\"><svg style=\"fill: #999;color:#999\" xmlns=\"http:\/\/www.w3.org\/2000\/svg\" class=\"list-377408\" width=\"20px\" height=\"20px\" viewBox=\"0 0 24 24\" fill=\"none\"><path d=\"M6 6H4v2h2V6zm14 0H8v2h12V6zM4 11h2v2H4v-2zm16 0H8v2h12v-2zM4 16h2v2H4v-2zm16 0H8v2h12v-2z\" fill=\"currentColor\"><\/path><\/svg><svg style=\"fill: #999;color:#999\" class=\"arrow-unsorted-368013\" xmlns=\"http:\/\/www.w3.org\/2000\/svg\" width=\"10px\" height=\"10px\" viewBox=\"0 0 24 24\" version=\"1.2\" baseProfile=\"tiny\"><path d=\"M18.2 9.3l-6.2-6.3-6.2 6.3c-.2.2-.3.4-.3.7s.1.5.3.7c.2.2.4.3.7.3h11c.3 0 .5-.1.7-.3.2-.2.3-.5.3-.7s-.1-.5-.3-.7zM5.8 14.7l6.2 6.3 6.2-6.3c.2-.2.3-.5.3-.7s-.1-.5-.3-.7c-.2-.2-.4-.3-.7-.3h-11c-.3 0-.5.1-.7.3-.2.2-.3.5-.3.7s.1.5.3.7z\"\/><\/svg><\/span><\/span><\/span><\/a><\/span><\/div>\n<nav><ul class='ez-toc-list ez-toc-list-level-1 eztoc-toggle-hide-by-default' ><li class='ez-toc-page-1 ez-toc-heading-level-4'><a class=\"ez-toc-link ez-toc-heading-1\" href=\"https:\/\/swopandstay.world\/fr\/terms-and-conditions\/#1_UTILISATION_DU_SITE_WEB\" >1. UTILISATION DU SITE WEB<\/a><\/li><li class='ez-toc-page-1 ez-toc-heading-level-4'><a class=\"ez-toc-link ez-toc-heading-2\" href=\"https:\/\/swopandstay.world\/fr\/terms-and-conditions\/#2_EXIGENCES_MINIMALES_%E2%80%93_LES_MEMBRES_POTENTIELS_DOIVENT\" >2. EXIGENCES MINIMALES &#8211; LES MEMBRES POTENTIELS DOIVENT<\/a><\/li><li class='ez-toc-page-1 ez-toc-heading-level-4'><a class=\"ez-toc-link ez-toc-heading-3\" href=\"https:\/\/swopandstay.world\/fr\/terms-and-conditions\/#3_POLITIQUE_DE_CONTROLE_DE_LA_QUALITE\" >3. POLITIQUE DE CONTR\u00d4LE DE LA QUALIT\u00c9<\/a><\/li><li class='ez-toc-page-1 ez-toc-heading-level-4'><a class=\"ez-toc-link ez-toc-heading-4\" href=\"https:\/\/swopandstay.world\/fr\/terms-and-conditions\/#4_GAGNER_ET_UTILISER_DES_JETONS_DECHANGE\" >4. GAGNER ET UTILISER DES JETONS D&rsquo;\u00c9CHANGE<\/a><\/li><li class='ez-toc-page-1 ez-toc-heading-level-4'><a class=\"ez-toc-link ez-toc-heading-5\" href=\"https:\/\/swopandstay.world\/fr\/terms-and-conditions\/#5_LES_SUPPLEMENTS_QUI_PEUVENT_ETRE_FACTURES\" >5. LES SUPPL\u00c9MENTS QUI PEUVENT \u00caTRE FACTUR\u00c9S :<\/a><\/li><li class='ez-toc-page-1 ez-toc-heading-level-4'><a class=\"ez-toc-link ez-toc-heading-6\" href=\"https:\/\/swopandstay.world\/fr\/terms-and-conditions\/#6_ANNULATION_OU_RESILIATION_DE_LADHESION\" >6. ANNULATION OU R\u00c9SILIATION DE L&rsquo;ADH\u00c9SION<\/a><\/li><li class='ez-toc-page-1 ez-toc-heading-level-4'><a class=\"ez-toc-link ez-toc-heading-7\" href=\"https:\/\/swopandstay.world\/fr\/terms-and-conditions\/#7_LA_PROPRIETE_INTELLECTUELLE\" >7. LA PROPRI\u00c9T\u00c9 INTELLECTUELLE<\/a><\/li><li class='ez-toc-page-1 ez-toc-heading-level-4'><a class=\"ez-toc-link ez-toc-heading-8\" href=\"https:\/\/swopandstay.world\/fr\/terms-and-conditions\/#8_VIE_PRIVEE\" >8) VIE PRIV\u00c9E<\/a><\/li><\/ul><\/nav><\/div>\n","protected":false},"excerpt":{"rendered":"<p>&nbsp; CONDITIONS G\u00c9N\u00c9RALES Veuillez noter les points suivants : 1. UTILISATION DU SITE WEB L&rsquo;utilisation de ce site web implique l&rsquo;acceptation des termes et conditions ci-dessous ainsi que de tout accord li\u00e9 par ceux-ci. 2. EXIGENCES MINIMALES &#8211; LES MEMBRES POTENTIELS DOIVENT \u00eatre propri\u00e9taire d&rsquo;une entreprise d&rsquo;h\u00e9bergement enti\u00e8rement op\u00e9rationnelle ; \u00eatre r\u00e9pertori\u00e9 sur une ou [&hellip;]<\/p>\n","protected":false},"author":2,"featured_media":0,"parent":0,"menu_order":0,"comment_status":"closed","ping_status":"closed","template":"","meta":{"_et_pb_use_builder":"on","_et_pb_old_content":"","_et_gb_content_width":"","cybocfi_hide_featured_image":"","footnotes":""},"class_list":["post-697","page","type-page","status-publish","hentry"],"_links":{"self":[{"href":"https:\/\/swopandstay.world\/fr\/wp-json\/wp\/v2\/pages\/697","targetHints":{"allow":["GET"]}}],"collection":[{"href":"https:\/\/swopandstay.world\/fr\/wp-json\/wp\/v2\/pages"}],"about":[{"href":"https:\/\/swopandstay.world\/fr\/wp-json\/wp\/v2\/types\/page"}],"author":[{"embeddable":true,"href":"https:\/\/swopandstay.world\/fr\/wp-json\/wp\/v2\/users\/2"}],"replies":[{"embeddable":true,"href":"https:\/\/swopandstay.world\/fr\/wp-json\/wp\/v2\/comments?post=697"}],"version-history":[{"count":9,"href":"https:\/\/swopandstay.world\/fr\/wp-json\/wp\/v2\/pages\/697\/revisions"}],"predecessor-version":[{"id":3397,"href":"https:\/\/swopandstay.world\/fr\/wp-json\/wp\/v2\/pages\/697\/revisions\/3397"}],"wp:attachment":[{"href":"https:\/\/swopandstay.world\/fr\/wp-json\/wp\/v2\/media?parent=697"}],"curies":[{"name":"wp","href":"https:\/\/api.w.org\/{rel}","templated":true}]}}