{"id":701,"date":"2024-07-11T13:03:47","date_gmt":"2024-07-11T13:03:47","guid":{"rendered":"https:\/\/swopandstay.world\/terms-and-conditions\/"},"modified":"2025-03-10T12:32:44","modified_gmt":"2025-03-10T12:32:44","slug":"terms-and-conditions","status":"publish","type":"page","link":"https:\/\/swopandstay.world\/es\/terms-and-conditions\/","title":{"rendered":"T\u00e9rminos y condiciones"},"content":{"rendered":"<p>[et_pb_section fb_built=\u00bb1&#8243; admin_label=\u00bbsection\u00bb _builder_version=\u00bb4.16&#8243; da_disable_devices=\u00bboff|off|off\u00bb global_colors_info=\u00bb{}\u00bb da_is_popup=\u00bboff\u00bb da_exit_intent=\u00bboff\u00bb da_has_close=\u00bbon\u00bb da_alt_close=\u00bboff\u00bb da_dark_close=\u00bboff\u00bb da_not_modal=\u00bbon\u00bb da_is_singular=\u00bboff\u00bb da_with_loader=\u00bboff\u00bb da_has_shadow=\u00bbon\u00bb][et_pb_row admin_label=\u00bbrow\u00bb _builder_version=\u00bb4.16&#8243; background_size=\u00bbinitial\u00bb background_position=\u00bbtop_left\u00bb background_repeat=\u00bbrepeat\u00bb global_colors_info=\u00bb{}\u00bb][et_pb_column type=\u00bb4_4&#8243; _builder_version=\u00bb4.16&#8243; custom_padding=\u00bb|||\u00bb global_colors_info=\u00bb{}\u00bb custom_padding__hover=\u00bb|||\u00bb][et_pb_text admin_label=\u00bbText\u00bb _builder_version=\u00bb4.26.0&#8243; text_font=\u00bbProza Libre||||||||\u00bb header_font=\u00bbCormorant Garamond||||||||\u00bb background_size=\u00bbinitial\u00bb background_position=\u00bbtop_left\u00bb background_repeat=\u00bbrepeat\u00bb global_colors_info=\u00bb{}\u00bb]<\/p>\n<p>&nbsp;<\/p>\n<h1 class=\"text-secondary\">TERMS &amp; CONDITIONS<\/h1>\n<p class=\"lead\">Ten en cuenta lo siguiente:<\/p>\n<h4><span class=\"ez-toc-section\" id=\"1_USO_DEL_SITIO_WEB\"><\/span>1. USO DEL SITIO WEB<span class=\"ez-toc-section-end\"><\/span><\/h4>\n<p>El uso de este sitio web implica la aceptaci\u00f3n de los t\u00e9rminos y condiciones que figuran a continuaci\u00f3n, as\u00ed como cualquier acuerdo vinculado a ellos.<\/p>\n<h4><span class=\"ez-toc-section\" id=\"2_REQUISITOS_MINIMOS_%E2%80%93_LOS_POSIBLES_MIEMBROS_DEBEN\"><\/span>2. REQUISITOS M\u00cdNIMOS &#8211; LOS POSIBLES MIEMBROS DEBEN<span class=\"ez-toc-section-end\"><\/span><\/h4>\n<ol>\n<li>ser propietario de un negocio de alojamiento de hu\u00e9spedes plenamente operativo;<\/li>\n<li>figurar en una o m\u00e1s plataformas de reserva de alojamiento (por ejemplo, TripAdvisor, Booking.com, AirBnB, etc.)<\/li>\n<li>Preferiblemente tener un sitio web (se puede desarrollar un sitio web profesional de una p\u00e1gina a un precio nominal negociado con el administrador de SWOP AND STAY) y<\/li>\n<li>Pagar las cuotas de afiliaci\u00f3n requeridas, que se aplican durante un a\u00f1o natural.<\/li>\n<\/ol>\n<h4><span class=\"ez-toc-section\" id=\"3_POLITICA_DE_CONTROL_DE_CALIDAD\"><\/span>3. POL\u00cdTICA DE CONTROL DE CALIDAD<span class=\"ez-toc-section-end\"><\/span><\/h4>\n<ol>\n<li>SWOP AND STAY no se ocupa de la clasificaci\u00f3n de la calidad y, aunque los miembros cumplen los requisitos m\u00ednimos para afiliarse, es responsabilidad del hu\u00e9sped asegurarse de que el establecimiento cumple sus propias normas personales. Las quejas sobre la clasificaci\u00f3n por estrellas deben dirigirse al Consejo de Clasificaci\u00f3n Tur\u00edstica. <\/li>\n<li>Si eres propietario de un establecimiento que ofrece servicios y experiencias exclusivos de primera clase, puedes solicitar que te identifiquen como MIEMBRO PREMIER. Los establecimientos registrados con 5 estrellas por el Consejo de Clasificaci\u00f3n Tur\u00edstica, se clasificar\u00e1n autom\u00e1ticamente como miembros PREMIER. Ten en cuenta que la calificaci\u00f3n de 5* no es obligatoria para optar a ella. Los miembros Premier pagar\u00e1n una cuota de afiliaci\u00f3n Premier adicional, pero tambi\u00e9n recibir\u00e1n fichas dobles por persona y noche.   <\/li>\n<li>Los afiliados tienen derecho a solicitar alojamiento gratuito en cualquiera de los establecimientos registrados a cambio de fichas de intercambio, aplicables a la condici\u00f3n de afiliado, por persona y noche. La aprobaci\u00f3n de esta solicitud queda exclusivamente a discreci\u00f3n del establecimiento anfitri\u00f3n. <\/li>\n<li>Los propietarios registrados se comprometen a poner sus establecimientos a disposici\u00f3n de los miembros de buena fe con fichas de intercambio disponibles, en un horario adecuado para el anfitri\u00f3n.<\/li>\n<li>Aunque un anfitri\u00f3n no tiene obligaci\u00f3n de aceptar una solicitud de reserva, una vez aceptada y confirmada una permuta, \u00e9sta constituye un contrato jur\u00eddicamente vinculante que el anfitri\u00f3n debe cumplir y que no puede anularse a menos que ambas partes lo acuerden.<\/li>\n<li>Si un anfitri\u00f3n incumple la cl\u00e1usula anterior, deber\u00e1 pagar y organizar un alojamiento alternativo adecuado para dicho miembro.<\/li>\n<li><b>Si un hu\u00e9sped confirma una reserva y no se presenta, se perder\u00e1n las fichas de intercambio aplicables, y el anfitri\u00f3n tendr\u00e1 derecho a cobr\u00e1rselas al hu\u00e9sped, ya que la habitaci\u00f3n podr\u00eda haberse vendido a hu\u00e9spedes de pago.<\/b>\n<ul>\n<li>Una vez que el establecimiento de acogida haya aprobado la solicitud de reserva, la cancelaci\u00f3n debe acordarse personalmente con el anfitri\u00f3n y \u00e9ste debe aceptar la cancelaci\u00f3n;<\/li>\n<li>Si una solicitud de reserva a\u00fan no ha sido aprobada, el establecimiento se reserva el derecho de anular la solicitud de reserva en l\u00ednea;<\/li>\n<li>Para ser justos tanto con el anfitri\u00f3n como con el hu\u00e9sped, las cancelaciones que se produzcan en los 5 d\u00edas anteriores a la fecha de llegada har\u00e1n que el hu\u00e9sped pierda sus fichas. El anfitri\u00f3n tiene derecho a rechazar la cancelaci\u00f3n a trav\u00e9s del sistema de reservas. <\/li>\n<li>Los que no se presenten perder\u00e1n las fichas y podr\u00e1n ser penalizados por el anfitri\u00f3n con un cargo por habitaci\u00f3n, ya que la habitaci\u00f3n podr\u00eda haber sido vendida a un hu\u00e9sped de pago;<\/li>\n<\/ul>\n<\/li>\n<li>S\u00f3lo el miembro inscrito, o su representante designado (especificar claramente el nombre), puede realizar una solicitud de reserva.<\/li>\n<li>El anfitri\u00f3n tiene derecho a responsabilizar a los invitados de cualquier da\u00f1o o mala conducta. Los invitados, ya sean patrocinados o miembros registrados ellos mismos, aceptan toda la responsabilidad en tal caso. <\/li>\n<li>SWOP AND STAY queda exento de cualquier responsabilidad en relaci\u00f3n con los da\u00f1os y perjuicios sufridos por un anfitri\u00f3n o un invitado durante una estancia swop.<\/li>\n<\/ol>\n<h4><span class=\"ez-toc-section\" id=\"4_GANAR_Y_UTILIZAR_FICHAS_DE_INTERCAMBIO\"><\/span>4. GANAR Y UTILIZAR FICHAS DE INTERCAMBIO<span class=\"ez-toc-section-end\"><\/span><\/h4>\n<ol>\n<li>SWOP AND STAY concede una licencia limitada y revocable a todos los miembros registrados para utilizar este sitio web de acuerdo con los t\u00e9rminos y condiciones.<\/li>\n<li>Las fichas Swop pueden utilizarse para hacer una reserva para familiares, amigos o un miembro del personal. \u00daNICAMENTE el afiliado o su representante designado, sujeto a la cl\u00e1usula 4.7 siguiente, puede hacer una reserva siempre que dicha reserva se haga como regalo y no se reciba dinero, por tanto. Bajo NING\u00daN CONCEPTO est\u00e1 permitido aceptar una reserva pagada y utilizar fichas de intercambio para reservar invitados en otro establecimiento.  <\/li>\n<li>Una ficha por persona y noche (Excepto cuando 1 persona ocupe una habitaci\u00f3n, se descontar\u00e1n 2 fichas por noche).<\/li>\n<li>Se asignar\u00e1n fichas swop GRATUITAS a tu cuenta al registrarte (y pagar) como miembro de SWOP AND STAY.<\/li>\n<li>Se a\u00f1adir\u00e1n 8 fichas de intercambio GRATUITAS adicionales a la cuenta del remitente al reclutar a otro miembro.<\/li>\n<li>Se puede comprar un m\u00e1ximo de 20 fichas adicionales al a\u00f1o.<\/li>\n<li>Las fichas Swop no pueden transferirse ni cambiarse por dinero en efectivo. Los miembros no pueden recibir dinero en efectivo de nadie y utilizar las fichas para hacer una reserva con otro miembro. S\u00f3lo se te permite hacer una reserva para un amigo, un familiar o un miembro del personal como regalo o recompensa. Si nos damos cuenta de ello, se cancelar\u00e1 tu afiliaci\u00f3n con efecto inmediato y perder\u00e1s todas las fichas.   <\/li>\n<li>Al final del a\u00f1o de afiliaci\u00f3n, las fichas de intercambio de tu cuenta se conservar\u00e1n y pasar\u00e1n al siguiente a\u00f1o natural.<\/li>\n<\/ol>\n<h4><span class=\"ez-toc-section\" id=\"5_EXTRAS_ADICIONALES_QUE_PUEDEN_COBRARSE\"><\/span>5. EXTRAS ADICIONALES QUE PUEDEN COBRARSE:<span class=\"ez-toc-section-end\"><\/span><\/h4>\n<ol>\n<li>El desayuno, otras comidas, los safaris y los tratamientos de spa no est\u00e1n incluidos y pueden cobrarse.<\/li>\n<li>Las residencias de vacaciones sin personal a tiempo completo pueden cobrar una tarifa de limpieza. Esto debe especificarse en el listado del establecimiento. <\/li>\n<\/ol>\n<h4><span class=\"ez-toc-section\" id=\"6_CANCELACION_O_TERMINACION_DE_LA_AFILIACION\"><\/span>6. CANCELACI\u00d3N O TERMINACI\u00d3N DE LA AFILIACI\u00d3N<span class=\"ez-toc-section-end\"><\/span><\/h4>\n<ol>\n<li>No se aplicar\u00e1n reembolsos en caso de baja.<\/li>\n<li>En caso de venta del establecimiento, cambio de propietario o cierre del establecimiento, deber\u00e1 notificarse a los administradores. En ese caso, el miembro podr\u00e1 conservar sus fichas de intercambio no utilizadas durante el resto de su periodo de afiliaci\u00f3n actual, siempre que las cuotas de afiliaci\u00f3n est\u00e9n al d\u00eda. <\/li>\n<li>Los administradores se reservan el derecho exclusivo de cancelar cualquier afiliaci\u00f3n debido al abuso o incumplimiento de cualquiera de los t\u00e9rminos y condiciones aqu\u00ed establecidos, sin derecho a reembolso alguno.<\/li>\n<li>Los administradores se reservan el derecho exclusivo de eliminar el listado del sitio web debido a m\u00faltiples quejas sobre el nivel de los servicios e instalaciones ofrecidos. Dichos miembros podr\u00e1n conservar sus fichas de intercambio no utilizadas hasta el final del a\u00f1o natural por el que hayan pagado su afiliaci\u00f3n. <\/li>\n<li>Si un miembro no renueva su afiliaci\u00f3n pagando la cuota anual en un plazo de 30 d\u00edas a partir de la fecha de la factura, perder\u00e1 todas las fichas de intercambio restantes y no se reembolsar\u00e1n las cuotas de inscripci\u00f3n o suscripci\u00f3n.<\/li>\n<li>Los administradores se reservan el derecho exclusivo de dar de baja a cualquier miembro por abuso de confianza, con efecto inmediato. En este contexto, por abuso de confianza se entiende una violaci\u00f3n de los derechos de propiedad inmaterial, tal y como se estipula en el punto 7, o cualquier deterioro irreparable de la relaci\u00f3n de confianza existente entre los administradores y los miembros, debido a un comportamiento poco \u00e9tico por una o cualquiera de las partes, es decir, la copia no autorizada de ideas y contenido del sitio web sin permiso previo. <\/li>\n<\/ol>\n<h4><span class=\"ez-toc-section\" id=\"7_PROPIEDAD_INTELECTUAL\"><\/span>7. PROPIEDAD INTELECTUAL<span class=\"ez-toc-section-end\"><\/span><\/h4>\n<ol>\n<li>El sitio web de SWOP AND STAY y todo su contenido original son propiedad exclusiva de SWOP AND STAY y no pueden ser duplicados ni utilizados de ninguna manera sin el consentimiento previo por escrito de los administradores.<\/li>\n<\/ol>\n<h4><span class=\"ez-toc-section\" id=\"8_PRIVACIDAD\"><\/span>8. PRIVACIDAD<span class=\"ez-toc-section-end\"><\/span><\/h4>\n<ol>\n<li>Toda la informaci\u00f3n privada confiada a SWOP AND STAY (como direcciones de correo electr\u00f3nico u otra informaci\u00f3n personal identificable) no se compartir\u00e1 con terceros y nunca ser\u00e1 visible p\u00fablicamente a menos que se acuerde expresamente lo contrario.<\/li>\n<\/ol>\n<p><b>IMPORTANTE:<\/b><span> <\/span>Al inscribirse, los miembros solicitantes reconocen haber le\u00eddo y comprendido todas las cl\u00e1usulas anteriores y se comprometen a aceptar y cumplir los T\u00e9rminos y Condiciones establecidos en este documento.<\/p>\n<p>&nbsp;<\/p>\n<p>[\/et_pb_text][\/et_pb_column][\/et_pb_row][\/et_pb_section]<\/p>\n<div id=\"ez-toc-container\" class=\"ez-toc-v2_0_82_2 counter-hierarchy ez-toc-counter ez-toc-grey ez-toc-container-direction\">\n<div class=\"ez-toc-title-container\">\n<p class=\"ez-toc-title ez-toc-toggle\" style=\"cursor:pointer\">Table of Contents<\/p>\n<span class=\"ez-toc-title-toggle\"><a href=\"#\" class=\"ez-toc-pull-right ez-toc-btn ez-toc-btn-xs ez-toc-btn-default ez-toc-toggle\" aria-label=\"Alternar tabla de contenidos\"><span class=\"ez-toc-js-icon-con\"><span class=\"\"><span class=\"eztoc-hide\" style=\"display:none;\">Toggle<\/span><span class=\"ez-toc-icon-toggle-span\"><svg style=\"fill: #999;color:#999\" xmlns=\"http:\/\/www.w3.org\/2000\/svg\" class=\"list-377408\" width=\"20px\" height=\"20px\" viewBox=\"0 0 24 24\" fill=\"none\"><path d=\"M6 6H4v2h2V6zm14 0H8v2h12V6zM4 11h2v2H4v-2zm16 0H8v2h12v-2zM4 16h2v2H4v-2zm16 0H8v2h12v-2z\" fill=\"currentColor\"><\/path><\/svg><svg style=\"fill: #999;color:#999\" class=\"arrow-unsorted-368013\" xmlns=\"http:\/\/www.w3.org\/2000\/svg\" width=\"10px\" height=\"10px\" viewBox=\"0 0 24 24\" version=\"1.2\" baseProfile=\"tiny\"><path d=\"M18.2 9.3l-6.2-6.3-6.2 6.3c-.2.2-.3.4-.3.7s.1.5.3.7c.2.2.4.3.7.3h11c.3 0 .5-.1.7-.3.2-.2.3-.5.3-.7s-.1-.5-.3-.7zM5.8 14.7l6.2 6.3 6.2-6.3c.2-.2.3-.5.3-.7s-.1-.5-.3-.7c-.2-.2-.4-.3-.7-.3h-11c-.3 0-.5.1-.7.3-.2.2-.3.5-.3.7s.1.5.3.7z\"\/><\/svg><\/span><\/span><\/span><\/a><\/span><\/div>\n<nav><ul class='ez-toc-list ez-toc-list-level-1 eztoc-toggle-hide-by-default' ><li class='ez-toc-page-1 ez-toc-heading-level-4'><a class=\"ez-toc-link ez-toc-heading-1\" href=\"https:\/\/swopandstay.world\/es\/terms-and-conditions\/#1_USO_DEL_SITIO_WEB\" >1. USO DEL SITIO WEB<\/a><\/li><li class='ez-toc-page-1 ez-toc-heading-level-4'><a class=\"ez-toc-link ez-toc-heading-2\" href=\"https:\/\/swopandstay.world\/es\/terms-and-conditions\/#2_REQUISITOS_MINIMOS_%E2%80%93_LOS_POSIBLES_MIEMBROS_DEBEN\" >2. REQUISITOS M\u00cdNIMOS &#8211; LOS POSIBLES MIEMBROS DEBEN<\/a><\/li><li class='ez-toc-page-1 ez-toc-heading-level-4'><a class=\"ez-toc-link ez-toc-heading-3\" href=\"https:\/\/swopandstay.world\/es\/terms-and-conditions\/#3_POLITICA_DE_CONTROL_DE_CALIDAD\" >3. POL\u00cdTICA DE CONTROL DE CALIDAD<\/a><\/li><li class='ez-toc-page-1 ez-toc-heading-level-4'><a class=\"ez-toc-link ez-toc-heading-4\" href=\"https:\/\/swopandstay.world\/es\/terms-and-conditions\/#4_GANAR_Y_UTILIZAR_FICHAS_DE_INTERCAMBIO\" >4. GANAR Y UTILIZAR FICHAS DE INTERCAMBIO<\/a><\/li><li class='ez-toc-page-1 ez-toc-heading-level-4'><a class=\"ez-toc-link ez-toc-heading-5\" href=\"https:\/\/swopandstay.world\/es\/terms-and-conditions\/#5_EXTRAS_ADICIONALES_QUE_PUEDEN_COBRARSE\" >5. EXTRAS ADICIONALES QUE PUEDEN COBRARSE:<\/a><\/li><li class='ez-toc-page-1 ez-toc-heading-level-4'><a class=\"ez-toc-link ez-toc-heading-6\" href=\"https:\/\/swopandstay.world\/es\/terms-and-conditions\/#6_CANCELACION_O_TERMINACION_DE_LA_AFILIACION\" >6. CANCELACI\u00d3N O TERMINACI\u00d3N DE LA AFILIACI\u00d3N<\/a><\/li><li class='ez-toc-page-1 ez-toc-heading-level-4'><a class=\"ez-toc-link ez-toc-heading-7\" href=\"https:\/\/swopandstay.world\/es\/terms-and-conditions\/#7_PROPIEDAD_INTELECTUAL\" >7. PROPIEDAD INTELECTUAL<\/a><\/li><li class='ez-toc-page-1 ez-toc-heading-level-4'><a class=\"ez-toc-link ez-toc-heading-8\" href=\"https:\/\/swopandstay.world\/es\/terms-and-conditions\/#8_PRIVACIDAD\" >8. PRIVACIDAD<\/a><\/li><\/ul><\/nav><\/div>\n","protected":false},"excerpt":{"rendered":"<p>&nbsp; TERMS &amp; CONDITIONS Ten en cuenta lo siguiente: 1. USO DEL SITIO WEB El uso de este sitio web implica la aceptaci\u00f3n de los t\u00e9rminos y condiciones que figuran a continuaci\u00f3n, as\u00ed como cualquier acuerdo vinculado a ellos. 2. REQUISITOS M\u00cdNIMOS &#8211; LOS POSIBLES MIEMBROS DEBEN ser propietario de un negocio de alojamiento de [&hellip;]<\/p>\n","protected":false},"author":2,"featured_media":0,"parent":0,"menu_order":0,"comment_status":"closed","ping_status":"closed","template":"","meta":{"_et_pb_use_builder":"on","_et_pb_old_content":"","_et_gb_content_width":"","cybocfi_hide_featured_image":"","footnotes":""},"class_list":["post-701","page","type-page","status-publish","hentry"],"_links":{"self":[{"href":"https:\/\/swopandstay.world\/es\/wp-json\/wp\/v2\/pages\/701","targetHints":{"allow":["GET"]}}],"collection":[{"href":"https:\/\/swopandstay.world\/es\/wp-json\/wp\/v2\/pages"}],"about":[{"href":"https:\/\/swopandstay.world\/es\/wp-json\/wp\/v2\/types\/page"}],"author":[{"embeddable":true,"href":"https:\/\/swopandstay.world\/es\/wp-json\/wp\/v2\/users\/2"}],"replies":[{"embeddable":true,"href":"https:\/\/swopandstay.world\/es\/wp-json\/wp\/v2\/comments?post=701"}],"version-history":[{"count":5,"href":"https:\/\/swopandstay.world\/es\/wp-json\/wp\/v2\/pages\/701\/revisions"}],"predecessor-version":[{"id":4249,"href":"https:\/\/swopandstay.world\/es\/wp-json\/wp\/v2\/pages\/701\/revisions\/4249"}],"wp:attachment":[{"href":"https:\/\/swopandstay.world\/es\/wp-json\/wp\/v2\/media?parent=701"}],"curies":[{"name":"wp","href":"https:\/\/api.w.org\/{rel}","templated":true}]}}