{"id":699,"date":"2024-07-11T13:03:47","date_gmt":"2024-07-11T13:03:47","guid":{"rendered":"https:\/\/swopandstay.world\/terms-and-conditions\/"},"modified":"2024-12-09T12:43:35","modified_gmt":"2024-12-09T12:43:35","slug":"terms-and-conditions","status":"publish","type":"page","link":"https:\/\/swopandstay.world\/de\/terms-and-conditions\/","title":{"rendered":"Bedingungen und Konditionen"},"content":{"rendered":"<p>[et_pb_section fb_built=&#8220;1&#8243; admin_label=&#8220;section&#8220; _builder_version=&#8220;4.16&#8243; da_disable_devices=&#8220;off|off|off&#8220; global_colors_info=&#8220;{}&#8220; da_is_popup=&#8220;off&#8220; da_exit_intent=&#8220;off&#8220; da_has_close=&#8220;on&#8220; da_alt_close=&#8220;off&#8220; da_dark_close=&#8220;off&#8220; da_not_modal=&#8220;on&#8220; da_is_singular=&#8220;off&#8220; da_with_loader=&#8220;off&#8220; da_has_shadow=&#8220;on&#8220;][et_pb_row admin_label=&#8220;row&#8220; _builder_version=&#8220;4.16&#8243; background_size=&#8220;initial&#8220; background_position=&#8220;top_left&#8220; background_repeat=&#8220;repeat&#8220; global_colors_info=&#8220;{}&#8220;][et_pb_column type=&#8220;4_4&#8243; _builder_version=&#8220;4.16&#8243; custom_padding=&#8220;|||&#8220; global_colors_info=&#8220;{}&#8220; custom_padding__hover=&#8220;|||&#8220;][et_pb_text admin_label=&#8220;Text&#8220; _builder_version=&#8220;4.26.0&#8243; text_font=&#8220;Proza Libre||||||||&#8220; header_font=&#8220;Cormorant Garamond||||||||&#8220; background_size=&#8220;initial&#8220; background_position=&#8220;top_left&#8220; background_repeat=&#8220;repeat&#8220; global_colors_info=&#8220;{}&#8220;]<\/p>\n<p>&nbsp;<\/p>\n<h1 class=\"text-secondary\">TERMS &amp; CONDITIONS<\/h1>\n<p class=\"lead\">Bitte beachten Sie die folgenden Hinweise:<\/p>\n<h4><span class=\"ez-toc-section\" id=\"1_USE_OF_WEBSITE\"><\/span>1. USE OF WEBSITE<span class=\"ez-toc-section-end\"><\/span><\/h4>\n<p>Die Nutzung dieser Website impliziert die Annahme der nachstehenden Bedingungen und Konditionen sowie eine daran gebundene Vereinbarung.<\/p>\n<h4><span class=\"ez-toc-section\" id=\"2_MINIMUM_REQUIREMENTS_%E2%80%93_PROSPECTIVE_MEMBERS_MUST\"><\/span>2. MINIMUM REQUIREMENTS &#8211; PROSPECTIVE MEMBERS MUST:<span class=\"ez-toc-section-end\"><\/span><\/h4>\n<ol>\n<li>Eigent\u00fcmer eines voll funktionsf\u00e4higen Beherbergungsbetriebs sein;<\/li>\n<li>auf einer oder mehreren Buchungsplattformen f\u00fcr Unterk\u00fcnfte gelistet sein (z.B. TripAdvisor, Booking.com, AirBnB usw.)<\/li>\n<li>vorzugsweise \u00fcber eine Website verf\u00fcgen (eine professionelle einseitige Website kann gegen eine geringe Geb\u00fchr, die mit dem SWOP AND STAY-Administrator ausgehandelt wird, entwickelt werden) und<\/li>\n<li>Zahlen Sie die erforderlichen Mitgliedsbeitr\u00e4ge, die f\u00fcr ein Kalenderjahr gelten.<\/li>\n<\/ol>\n<h4><span class=\"ez-toc-section\" id=\"3_QUALITY_CONTROL_POLICY\"><\/span>3. QUALITY CONTROL POLICY<span class=\"ez-toc-section-end\"><\/span><\/h4>\n<ol>\n<li>SWOP AND STAY ist nicht an der Qualit\u00e4tseinstufung beteiligt. Zwar erf\u00fcllen die Mitglieder die Mindestanforderungen, um Mitglied zu werden, doch liegt es in der Verantwortung des Gastes, sicherzustellen, dass der Betrieb seinen pers\u00f6nlichen Standards entspricht. Beschwerden \u00fcber die Sternebewertung sollten an den Tourism Grading Council gerichtet werden. <\/li>\n<li>Wenn Sie eine Einrichtung besitzen, die erstklassige, exklusive Dienstleistungen und Erlebnisse anbietet, k\u00f6nnen Sie sich als PREMIER MITGLIED bewerben. Vom Tourism Grading Council registrierte 5-Sterne-Betriebe qualifizieren sich automatisch f\u00fcr die PREMIER-Mitgliedschaft. Bitte beachten Sie, dass eine 5-Sterne-Bewertung nicht zwingend erforderlich ist, um sich zu qualifizieren. Premier-Mitglieder zahlen einen zus\u00e4tzlichen Beitrag f\u00fcr die Premier-Mitgliedschaft, erhalten aber auch die doppelte Anzahl an Token pro Person und Nacht.   <\/li>\n<li>Mitglieder haben das Recht, eine kostenlose Unterbringung in einem der registrierten Betriebe im Austausch gegen Swap-Token, die f\u00fcr den Mitgliedsstatus gelten, pro Person und Nacht zu beantragen. Die Genehmigung dieses Antrags liegt allein im Ermessen des gastgebenden Betriebs. <\/li>\n<li>Eingetragene Eigent\u00fcmer verpflichten sich, ihre Einrichtungen gutgl\u00e4ubigen Mitgliedern mit verf\u00fcgbaren Swop-Token zu einem f\u00fcr den Gastgeber geeigneten Zeitpunkt zur Verf\u00fcgung zu stellen.<\/li>\n<li>Ein Gastgeber ist zwar nicht verpflichtet, eine Buchungsanfrage anzunehmen, aber sobald ein Tausch angenommen und best\u00e4tigt wurde, stellt dies einen rechtlich bindenden Vertrag dar, der vom Gastgeber eingehalten werden muss und nicht mehr storniert werden kann, es sei denn, beide Parteien haben dies vereinbart.<\/li>\n<li>Sollte ein Gastgeber gegen die oben genannte Klausel versto\u00dfen, muss er f\u00fcr das betreffende Mitglied eine angemessene alternative Unterkunft bezahlen und organisieren.<\/li>\n<li><b>Sollte ein Gast eine Buchung best\u00e4tigen und nicht erscheinen, verfallen die entsprechenden Swap-Token, und der Gastgeber ist berechtigt, dem Gast die Kosten in Rechnung zu stellen, da das Zimmer an zahlende G\u00e4ste h\u00e4tte verkauft werden k\u00f6nnen.<\/b>\n<ul>\n<li>Sobald die Buchungsanfrage von der Aufnahmeeinrichtung genehmigt wurde, muss die Stornierung mit dem Gastgeber pers\u00f6nlich abgesprochen werden und der Gastgeber muss der Stornierung zustimmen;<\/li>\n<li>Wenn eine Buchungsanfrage noch nicht genehmigt wurde, beh\u00e4lt sich der Gastbetrieb das Recht vor, die Buchungsanfrage online zu stornieren;<\/li>\n<li>Um sowohl dem Gastgeber als auch dem Gast gegen\u00fcber fair zu sein, f\u00fchrt eine Stornierung innerhalb von 5 Tagen vor dem Anreisedatum dazu, dass der Gast seine Token verliert. Der Gastgeber hat das Recht, Stornierungen \u00fcber das Buchungssystem abzulehnen. <\/li>\n<li>Bei Nichterscheinen verfallen die Jetons und der Gastgeber muss m\u00f6glicherweise eine Zimmergeb\u00fchr zahlen, da das Zimmer an einen zahlenden Gast verkauft worden sein k\u00f6nnte;<\/li>\n<\/ul>\n<\/li>\n<li>Nur das registrierte Mitglied oder ein von ihm ernannter Vertreter (Name deutlich angeben) kann eine Buchungsanfrage stellen.<\/li>\n<li>Der Gastgeber ist berechtigt, G\u00e4ste f\u00fcr Sch\u00e4den oder Fehlverhalten verantwortlich zu machen. G\u00e4ste, ob gesponsert oder selbst registrierte Mitglieder, \u00fcbernehmen in einem solchen Fall die volle Verantwortung. <\/li>\n<li>SWOP AND STAY \u00fcbernimmt keine Verantwortung f\u00fcr Sch\u00e4den, die einem Gastgeber oder einem Gast w\u00e4hrend eines Swop-Aufenthalts entstehen.<\/li>\n<\/ol>\n<h4><span class=\"ez-toc-section\" id=\"4_EARN_AND_USE_OF_SWOP_TOKENS\"><\/span>4. EARN AND USE OF SWOP TOKENS<span class=\"ez-toc-section-end\"><\/span><\/h4>\n<ol>\n<li>SWOP AND STAY gew\u00e4hrt allen registrierten Mitgliedern eine eingeschr\u00e4nkte, widerrufbare Lizenz zur Nutzung dieser Website unter Einhaltung der Bedingungen und Konditionen.<\/li>\n<li>Swop-Token k\u00f6nnen verwendet werden, um eine Buchung f\u00fcr Familie, Freunde oder einen Mitarbeiter vorzunehmen. NUR das Mitglied oder ein von ihm benannter Vertreter darf, vorbehaltlich der nachstehenden Klausel 4.7, eine Buchung vornehmen, sofern diese Buchung als Geschenk erfolgt und kein Geld daf\u00fcr erhalten wird. Unter KEINEN UMST\u00c4NDEN ist es erlaubt, eine bezahlte Buchung anzunehmen und die Tauschgutscheine zu verwenden, um G\u00e4ste in einer anderen Einrichtung zu buchen.  <\/li>\n<li>Ein Token pro Person und Nacht (au\u00dfer wenn 1 Person ein Zimmer belegt, werden 2 Token pro Nacht abgezogen).<\/li>\n<li>KOSTENLOSE Tauschgutscheine werden Ihrem Konto bei der Registrierung (und Bezahlung) als Mitglied von SWOP AND STAY zugewiesen.<\/li>\n<li>Weitere 8 KOSTENLOSE Swap-Token werden dem empfehlenden Konto hinzugef\u00fcgt, wenn ein weiteres Mitglied geworben wird.<\/li>\n<li>J\u00e4hrlich k\u00f6nnen maximal 20 zus\u00e4tzliche Token erworben werden.<\/li>\n<li>Swop-Token k\u00f6nnen nicht \u00fcbertragen oder gegen Bargeld getauscht werden. Mitglieder d\u00fcrfen von niemandem Bargeld erhalten und Token verwenden, um sie bei einem anderen Mitglied zu buchen. Sie d\u00fcrfen nur f\u00fcr einen Freund, ein Familienmitglied oder einen Mitarbeiter eine Buchung als Geschenk oder Belohnung vornehmen. Sollten wir dies bemerken, wird Ihre Mitgliedschaft mit sofortiger Wirkung beendet und Sie verlieren alle Token.   <\/li>\n<li>Am Ende des Mitgliedsjahres werden die Swap-Token auf Ihrem Konto einbehalten und auf das n\u00e4chste Kalenderjahr \u00fcbertragen.<\/li>\n<\/ol>\n<h4><span class=\"ez-toc-section\" id=\"5_ADDITIONAL_EXTRAS_THAT_MAY_BE_CHARGED_FOR\"><\/span>5. ADDITIONAL EXTRAS THAT MAY BE CHARGED FOR:<span class=\"ez-toc-section-end\"><\/span><\/h4>\n<ol>\n<li>Fr\u00fchst\u00fcck, andere Mahlzeiten, Pirschfahrten und Spa-Behandlungen sind nicht inbegriffen und k\u00f6nnen in Rechnung gestellt werden.<\/li>\n<li>Ferienh\u00e4user, die kein Vollzeitpersonal vor Ort haben, k\u00f6nnen eine Reinigungsgeb\u00fchr erheben. Dies muss in der Auflistung der Unterkunft angegeben werden. <\/li>\n<\/ol>\n<h4><span class=\"ez-toc-section\" id=\"6_CANCELLATION_OR_TERMINATION_OF_MEMBERSHIP\"><\/span>6. CANCELLATION OR TERMINATION OF MEMBERSHIP<span class=\"ez-toc-section-end\"><\/span><\/h4>\n<ol>\n<li>Bei Beendigung der Mitgliedschaft erfolgt keine R\u00fcckerstattung.<\/li>\n<li>Im Falle eines Verkaufs der Einrichtung, eines Eigent\u00fcmerwechsels oder der Schlie\u00dfung der Einrichtung sollten die Administratoren benachrichtigt werden. Das Mitglied kann dann seine ungenutzten Swop-Token f\u00fcr den Rest seines aktuellen Mitgliedszeitraums behalten, vorausgesetzt, die Mitgliedsbeitr\u00e4ge sind auf dem neuesten Stand. <\/li>\n<li>Die Administratoren behalten sich das alleinige Recht vor, eine Mitgliedschaft aufgrund von Missbrauch oder Nichteinhaltung der hier festgelegten Bedingungen ohne R\u00fcckerstattung zu beenden.<\/li>\n<li>Es liegt im alleinigen Ermessen der Administratoren, den Eintrag von der Website zu entfernen, wenn es mehrere Beschwerden \u00fcber den Standard der angebotenen Dienste und Einrichtungen gibt. Solche Mitglieder d\u00fcrfen ihre ungenutzten Tauschgutscheine bis zum Ende des Kalenderjahres, f\u00fcr das sie ihre Mitgliedschaft bezahlt haben, aufbewahren. <\/li>\n<li>Sollte ein Mitglied seine Mitgliedschaft nicht innerhalb von 30 Tagen nach Rechnungsdatum durch Zahlung des Jahresbeitrags verl\u00e4ngern, verliert es alle verbleibenden Swop-Token und es erfolgt keine R\u00fcckerstattung der Anmelde- oder Abonnementgeb\u00fchren.<\/li>\n<li>Die Administratoren behalten sich das alleinige Ermessen vor, eine Mitgliedschaft aufgrund von Vertrauensbruch mit sofortiger Wirkung zu beenden. Vertrauensbruch bedeutet in diesem Zusammenhang eine Verletzung der immateriellen Eigentumsrechte, wie in Punkt 7 unten festgelegt, oder eine irreparable Verschlechterung des Vertrauensverh\u00e4ltnisses zwischen den Administratoren und den Mitgliedern aufgrund von unethischem Verhalten einer oder beider Parteien, d.h. das unerlaubte Kopieren von Ideen und Inhalten der Website ohne vorherige Genehmigung. <\/li>\n<\/ol>\n<h4><span class=\"ez-toc-section\" id=\"7_INTELLECTUAL_PROPERTY\"><\/span>7. INTELLECTUAL PROPERTY<span class=\"ez-toc-section-end\"><\/span><\/h4>\n<ol>\n<li>Die SWOP AND STAY Website und alle Originalinhalte sind das alleinige Eigentum von SWOP AND STAY und d\u00fcrfen ohne vorherige schriftliche Zustimmung der Administratoren nicht vervielf\u00e4ltigt oder in irgendeiner Weise verwendet werden.<\/li>\n<\/ol>\n<h4><span class=\"ez-toc-section\" id=\"8_PRIVACY\"><\/span>8. PRIVACY<span class=\"ez-toc-section-end\"><\/span><\/h4>\n<ol>\n<li>Alle privaten Informationen, die SWOP AND STAY anvertraut werden (wie z.B. E-Mail-Adressen oder andere pers\u00f6nlich identifizierbare Informationen), werden nicht an Dritte weitergegeben und sind niemals \u00f6ffentlich sichtbar, es sei denn, Sie haben dem ausdr\u00fccklich zugestimmt.<\/li>\n<\/ol>\n<p><b>WICHTIG:<\/b><span> <\/span>Mit der Registrierung best\u00e4tigen die Antragsteller, dass sie alle oben genannten Klauseln gelesen und verstanden haben und sich mit den in diesem Dokument aufgef\u00fchrten Allgemeinen Gesch\u00e4ftsbedingungen einverstanden erkl\u00e4ren und diese einhalten.<\/p>\n<p>&nbsp;<\/p>\n<p>[\/et_pb_text][\/et_pb_column][\/et_pb_row][\/et_pb_section]<\/p>\n<div id=\"ez-toc-container\" class=\"ez-toc-v2_0_82_2 counter-hierarchy ez-toc-counter ez-toc-grey ez-toc-container-direction\">\n<div class=\"ez-toc-title-container\">\n<p class=\"ez-toc-title ez-toc-toggle\" style=\"cursor:pointer\">Table of Contents<\/p>\n<span class=\"ez-toc-title-toggle\"><a href=\"#\" class=\"ez-toc-pull-right ez-toc-btn ez-toc-btn-xs ez-toc-btn-default ez-toc-toggle\" aria-label=\"Toggle Table of Content\"><span class=\"ez-toc-js-icon-con\"><span class=\"\"><span class=\"eztoc-hide\" style=\"display:none;\">Toggle<\/span><span class=\"ez-toc-icon-toggle-span\"><svg style=\"fill: #999;color:#999\" xmlns=\"http:\/\/www.w3.org\/2000\/svg\" class=\"list-377408\" width=\"20px\" height=\"20px\" viewBox=\"0 0 24 24\" fill=\"none\"><path d=\"M6 6H4v2h2V6zm14 0H8v2h12V6zM4 11h2v2H4v-2zm16 0H8v2h12v-2zM4 16h2v2H4v-2zm16 0H8v2h12v-2z\" fill=\"currentColor\"><\/path><\/svg><svg style=\"fill: #999;color:#999\" class=\"arrow-unsorted-368013\" xmlns=\"http:\/\/www.w3.org\/2000\/svg\" width=\"10px\" height=\"10px\" viewBox=\"0 0 24 24\" version=\"1.2\" baseProfile=\"tiny\"><path d=\"M18.2 9.3l-6.2-6.3-6.2 6.3c-.2.2-.3.4-.3.7s.1.5.3.7c.2.2.4.3.7.3h11c.3 0 .5-.1.7-.3.2-.2.3-.5.3-.7s-.1-.5-.3-.7zM5.8 14.7l6.2 6.3 6.2-6.3c.2-.2.3-.5.3-.7s-.1-.5-.3-.7c-.2-.2-.4-.3-.7-.3h-11c-.3 0-.5.1-.7.3-.2.2-.3.5-.3.7s.1.5.3.7z\"\/><\/svg><\/span><\/span><\/span><\/a><\/span><\/div>\n<nav><ul class='ez-toc-list ez-toc-list-level-1 eztoc-toggle-hide-by-default' ><li class='ez-toc-page-1 ez-toc-heading-level-4'><a class=\"ez-toc-link ez-toc-heading-1\" href=\"https:\/\/swopandstay.world\/de\/terms-and-conditions\/#1_USE_OF_WEBSITE\" >1. USE OF WEBSITE<\/a><\/li><li class='ez-toc-page-1 ez-toc-heading-level-4'><a class=\"ez-toc-link ez-toc-heading-2\" href=\"https:\/\/swopandstay.world\/de\/terms-and-conditions\/#2_MINIMUM_REQUIREMENTS_%E2%80%93_PROSPECTIVE_MEMBERS_MUST\" >2. MINIMUM REQUIREMENTS &#8211; PROSPECTIVE MEMBERS MUST:<\/a><\/li><li class='ez-toc-page-1 ez-toc-heading-level-4'><a class=\"ez-toc-link ez-toc-heading-3\" href=\"https:\/\/swopandstay.world\/de\/terms-and-conditions\/#3_QUALITY_CONTROL_POLICY\" >3. QUALITY CONTROL POLICY<\/a><\/li><li class='ez-toc-page-1 ez-toc-heading-level-4'><a class=\"ez-toc-link ez-toc-heading-4\" href=\"https:\/\/swopandstay.world\/de\/terms-and-conditions\/#4_EARN_AND_USE_OF_SWOP_TOKENS\" >4. EARN AND USE OF SWOP TOKENS<\/a><\/li><li class='ez-toc-page-1 ez-toc-heading-level-4'><a class=\"ez-toc-link ez-toc-heading-5\" href=\"https:\/\/swopandstay.world\/de\/terms-and-conditions\/#5_ADDITIONAL_EXTRAS_THAT_MAY_BE_CHARGED_FOR\" >5. ADDITIONAL EXTRAS THAT MAY BE CHARGED FOR:<\/a><\/li><li class='ez-toc-page-1 ez-toc-heading-level-4'><a class=\"ez-toc-link ez-toc-heading-6\" href=\"https:\/\/swopandstay.world\/de\/terms-and-conditions\/#6_CANCELLATION_OR_TERMINATION_OF_MEMBERSHIP\" >6. CANCELLATION OR TERMINATION OF MEMBERSHIP<\/a><\/li><li class='ez-toc-page-1 ez-toc-heading-level-4'><a class=\"ez-toc-link ez-toc-heading-7\" href=\"https:\/\/swopandstay.world\/de\/terms-and-conditions\/#7_INTELLECTUAL_PROPERTY\" >7. INTELLECTUAL PROPERTY<\/a><\/li><li class='ez-toc-page-1 ez-toc-heading-level-4'><a class=\"ez-toc-link ez-toc-heading-8\" href=\"https:\/\/swopandstay.world\/de\/terms-and-conditions\/#8_PRIVACY\" >8. PRIVACY<\/a><\/li><\/ul><\/nav><\/div>\n","protected":false},"excerpt":{"rendered":"<p>&nbsp; TERMS &amp; CONDITIONS Bitte beachten Sie die folgenden Hinweise: 1. USE OF WEBSITE Die Nutzung dieser Website impliziert die Annahme der nachstehenden Bedingungen und Konditionen sowie eine daran gebundene Vereinbarung. 2. MINIMUM REQUIREMENTS &#8211; PROSPECTIVE MEMBERS MUST: Eigent\u00fcmer eines voll funktionsf\u00e4higen Beherbergungsbetriebs sein; auf einer oder mehreren Buchungsplattformen f\u00fcr Unterk\u00fcnfte gelistet sein (z.B. TripAdvisor, [&hellip;]<\/p>\n","protected":false},"author":2,"featured_media":0,"parent":0,"menu_order":0,"comment_status":"closed","ping_status":"closed","template":"","meta":{"_et_pb_use_builder":"on","_et_pb_old_content":"","_et_gb_content_width":"","cybocfi_hide_featured_image":"","footnotes":""},"class_list":["post-699","page","type-page","status-publish","hentry"],"_links":{"self":[{"href":"https:\/\/swopandstay.world\/de\/wp-json\/wp\/v2\/pages\/699","targetHints":{"allow":["GET"]}}],"collection":[{"href":"https:\/\/swopandstay.world\/de\/wp-json\/wp\/v2\/pages"}],"about":[{"href":"https:\/\/swopandstay.world\/de\/wp-json\/wp\/v2\/types\/page"}],"author":[{"embeddable":true,"href":"https:\/\/swopandstay.world\/de\/wp-json\/wp\/v2\/users\/2"}],"replies":[{"embeddable":true,"href":"https:\/\/swopandstay.world\/de\/wp-json\/wp\/v2\/comments?post=699"}],"version-history":[{"count":5,"href":"https:\/\/swopandstay.world\/de\/wp-json\/wp\/v2\/pages\/699\/revisions"}],"predecessor-version":[{"id":3451,"href":"https:\/\/swopandstay.world\/de\/wp-json\/wp\/v2\/pages\/699\/revisions\/3451"}],"wp:attachment":[{"href":"https:\/\/swopandstay.world\/de\/wp-json\/wp\/v2\/media?parent=699"}],"curies":[{"name":"wp","href":"https:\/\/api.w.org\/{rel}","templated":true}]}}